{"id":19,"date":"2023-09-27T10:08:54","date_gmt":"2023-09-27T08:08:54","guid":{"rendered":"https:\/\/bilancarboneiut.ovh\/?page_id=19"},"modified":"2023-10-19T14:33:50","modified_gmt":"2023-10-19T12:33:50","slug":"beaux-portfolios-pour-des-creatifs-exceptionnels","status":"publish","type":"page","link":"https:\/\/bilancarboneiut.ovh\/","title":{"rendered":"D\u00e9couvrez l&#8217;\u00e9quipe responsable de ce projet !"},"content":{"rendered":"\n<div class=\"wp-block-group\"><div class=\"wp-block-group__inner-container is-layout-constrained wp-block-group-is-layout-constrained\">\n<p class=\"has-text-align-center\"><meta charset=\"utf-8\"><\/meta>Actuellement \u00e9tudiants en 3\u00e8me ann\u00e9e de BUT Mesures Physiques parcours &#8220;Mesures et Analyses Environnementales&#8221;, nous souhaitons mettre en pratique nos comp\u00e9tences dans le domaine de l&#8217;environnement et des mesures pour effectuer un bilan carbone complet du b\u00e2timent central de l&#8217;IUT situ\u00e9 sur le site de Villeneuve-d&#8217;Ascq. Ce projet concerne tous les usagers de l&#8217;IUT, et sa r\u00e9ussite d\u00e9pend de chacun d&#8217;entre nous. Ce questionnaire n\u00e9cessite peu de temps et est compl\u00e8tement anonyme.<\/p>\n<\/div><\/div>\n\n\n\n<div class=\"wp-block-group is-nowrap is-layout-flex wp-container-core-group-is-layout-ad2f72ca wp-block-group-is-layout-flex\">\n<figure class=\"wp-block-image size-full is-resized\"><img loading=\"lazy\" decoding=\"async\" width=\"252\" height=\"120\" src=\"https:\/\/bilancarboneiut.ovh\/wp-content\/uploads\/2023\/10\/xMP_trp.png.pagespeed.ic_.fP_qy7m57U-1.webp\" alt=\"\" class=\"wp-image-122\" style=\"aspect-ratio:2.1;width:163px;height:auto\"\/><\/figure>\n\n\n\n<figure class=\"wp-block-image size-full\"><img loading=\"lazy\" decoding=\"async\" width=\"366\" height=\"138\" src=\"https:\/\/bilancarboneiut.ovh\/wp-content\/uploads\/2023\/10\/telechargement-1.png\" alt=\"\" class=\"wp-image-123\" srcset=\"https:\/\/bilancarboneiut.ovh\/wp-content\/uploads\/2023\/10\/telechargement-1.png 366w, https:\/\/bilancarboneiut.ovh\/wp-content\/uploads\/2023\/10\/telechargement-1-300x113.png 300w\" sizes=\"auto, (max-width: 366px) 100vw, 366px\" \/><\/figure>\n<\/div>\n","protected":false},"excerpt":{"rendered":"<p>Actuellement \u00e9tudiants en 3\u00e8me ann\u00e9e de BUT Mesures Physiques parcours &#8220;Mesures et Analyses Environnementales&#8221;, nous souhaitons mettre en pratique nos comp\u00e9tences dans le domaine de l&#8217;environnement et des mesures pour effectuer un bilan carbone complet du b\u00e2timent central de l&#8217;IUT situ\u00e9 sur le site de Villeneuve-d&#8217;Ascq. Ce projet concerne tous les usagers de l&#8217;IUT, et &hellip; <\/p>\n<p class=\"link-more\"><a href=\"https:\/\/bilancarboneiut.ovh\/\" class=\"more-link\">Read more<span class=\"screen-reader-text\"> &#8220;D\u00e9couvrez l&#8217;\u00e9quipe responsable de ce projet !&#8221;<\/span><\/a><\/p>\n","protected":false},"author":1,"featured_media":18,"parent":0,"menu_order":0,"comment_status":"closed","ping_status":"closed","template":"","meta":{"footnotes":""},"class_list":["post-19","page","type-page","status-publish","has-post-thumbnail","hentry"],"_links":{"self":[{"href":"https:\/\/bilancarboneiut.ovh\/index.php\/wp-json\/wp\/v2\/pages\/19","targetHints":{"allow":["GET"]}}],"collection":[{"href":"https:\/\/bilancarboneiut.ovh\/index.php\/wp-json\/wp\/v2\/pages"}],"about":[{"href":"https:\/\/bilancarboneiut.ovh\/index.php\/wp-json\/wp\/v2\/types\/page"}],"author":[{"embeddable":true,"href":"https:\/\/bilancarboneiut.ovh\/index.php\/wp-json\/wp\/v2\/users\/1"}],"replies":[{"embeddable":true,"href":"https:\/\/bilancarboneiut.ovh\/index.php\/wp-json\/wp\/v2\/comments?post=19"}],"version-history":[{"count":23,"href":"https:\/\/bilancarboneiut.ovh\/index.php\/wp-json\/wp\/v2\/pages\/19\/revisions"}],"predecessor-version":[{"id":137,"href":"https:\/\/bilancarboneiut.ovh\/index.php\/wp-json\/wp\/v2\/pages\/19\/revisions\/137"}],"wp:featuredmedia":[{"embeddable":true,"href":"https:\/\/bilancarboneiut.ovh\/index.php\/wp-json\/wp\/v2\/media\/18"}],"wp:attachment":[{"href":"https:\/\/bilancarboneiut.ovh\/index.php\/wp-json\/wp\/v2\/media?parent=19"}],"curies":[{"name":"wp","href":"https:\/\/api.w.org\/{rel}","templated":true}]}}