{"id":76,"date":"2023-10-02T14:16:16","date_gmt":"2023-10-02T12:16:16","guid":{"rendered":"https:\/\/bilancarboneiut.ovh\/?page_id=76"},"modified":"2023-10-02T15:43:53","modified_gmt":"2023-10-02T13:43:53","slug":"rentrez-une-quantites-de-co2-pour-vous-rendre-compte-de-ce-que-cela-represente","status":"publish","type":"page","link":"https:\/\/bilancarboneiut.ovh\/index.php\/rentrez-une-quantites-de-co2-pour-vous-rendre-compte-de-ce-que-cela-represente\/","title":{"rendered":"Rentrez une quantit\u00e9s de CO2 pour vous rendre compte de ce que cela repr\u00e9sente."},"content":{"rendered":"\n<p class=\"has-text-align-center\">Par exemple, un fran\u00e7ais consomme en moyenne 89000 kgCO2\/an. <\/p>\n\n\n\n<p class=\"has-text-align-center\">Un Iphone 13 de capacit\u00e9 de stockage 128 Go consomme 61 kgCO2 en tout dans sa vie<\/p>\n\n\n\n<p class=\"has-text-align-center\">Faites le test avec une quantit\u00e9 pour vous rendre compte de l&#8217;impact !<\/p>\n\n\n\n<script id=\"datagir-impact-co2\" src=\"https:\/\/impactco2.fr\/iframe.js\" data-type=\"convertisseur\" data-search=\"?theme=default\"><\/script>\n\n\n\n<figure class=\"wp-block-pullquote\"><blockquote><p>Cette page \u00e0 consommer 0.37 gCO2 lorsque vous l&#8217;avez utilis\u00e9(e) ! Personne n&#8217;est parfait \ud83d\ude09<\/p><\/blockquote><\/figure>\n\n\n\n<p><\/p>\n","protected":false},"excerpt":{"rendered":"<p>Par exemple, un fran\u00e7ais consomme en moyenne 89000 kgCO2\/an. Un Iphone 13 de capacit\u00e9 de stockage 128 Go consomme 61 kgCO2 en tout dans sa vie Faites le test avec une quantit\u00e9 pour vous rendre compte de l&#8217;impact ! Cette page \u00e0 consommer 0.37 gCO2 lorsque vous l&#8217;avez utilis\u00e9(e) ! Personne n&#8217;est parfait \ud83d\ude09<\/p>\n","protected":false},"author":1,"featured_media":0,"parent":0,"menu_order":0,"comment_status":"closed","ping_status":"closed","template":"","meta":{"footnotes":""},"class_list":["post-76","page","type-page","status-publish","hentry"],"_links":{"self":[{"href":"https:\/\/bilancarboneiut.ovh\/index.php\/wp-json\/wp\/v2\/pages\/76","targetHints":{"allow":["GET"]}}],"collection":[{"href":"https:\/\/bilancarboneiut.ovh\/index.php\/wp-json\/wp\/v2\/pages"}],"about":[{"href":"https:\/\/bilancarboneiut.ovh\/index.php\/wp-json\/wp\/v2\/types\/page"}],"author":[{"embeddable":true,"href":"https:\/\/bilancarboneiut.ovh\/index.php\/wp-json\/wp\/v2\/users\/1"}],"replies":[{"embeddable":true,"href":"https:\/\/bilancarboneiut.ovh\/index.php\/wp-json\/wp\/v2\/comments?post=76"}],"version-history":[{"count":6,"href":"https:\/\/bilancarboneiut.ovh\/index.php\/wp-json\/wp\/v2\/pages\/76\/revisions"}],"predecessor-version":[{"id":110,"href":"https:\/\/bilancarboneiut.ovh\/index.php\/wp-json\/wp\/v2\/pages\/76\/revisions\/110"}],"wp:attachment":[{"href":"https:\/\/bilancarboneiut.ovh\/index.php\/wp-json\/wp\/v2\/media?parent=76"}],"curies":[{"name":"wp","href":"https:\/\/api.w.org\/{rel}","templated":true}]}}